{"id":102906,"date":"2024-08-26T14:28:58","date_gmt":"2024-08-26T11:28:58","guid":{"rendered":"https:\/\/roussakis.com.gr\/product\/euroboor-koptires-hcs-30mm-ibc-70-set-10tmch\/"},"modified":"2024-09-30T14:57:16","modified_gmt":"2024-09-30T11:57:16","slug":"euroboor-koptires-hcs-30mm-ibc-70-set-10tmch","status":"publish","type":"product","link":"https:\/\/roussakis.com.gr\/en\/product\/euroboor-koptires-hcs-30mm-ibc-70-set-10tmch\/","title":{"rendered":"EUROBOOR ANNULAR CUTTERS HCS 30mm &#038; IBC.70 KIT 10pcs"},"content":{"rendered":"<h4>EUROBOOR ANNULAR CUTTERS HCS 30mm &amp; IBC.70 KIT 10pcs<\/h4>\n<p>EUROBOOR ANNULAR CUTTERS HCS 30mm &amp; IBC.70 KIT 10pcs<\/p>\n<p>Our HCS.KIT\/10 contain High Speed Steel Annular Cutters which feature unique teeth geometry, provide clear cutting, fast feed rate, less vibration, smooth hole surface and long tool life. Euroboor HSS annular cutters are equipped with high precision Weldon shanks. The HCS.KIT\/10 &amp; HSS.KIT\/10S-M2 are 10 piece HSS cutter sets with DoC 30 mm. Both sets come with at least one pilot pin. Besides HSS cutter sets with metric sizes, we also over HSS cutter sets with imperial sizes.<\/p>\n<p>Case includes:<\/p>\n<ul>\n<li>Cutter sizes \u00d8 12, \u00d8 14, \u00d8 16, \u00d8 18, \u00d8 20, \u00d8 22, \u00d8 24, \u00d8 26, \u00d8 28, \u00d8 30 mm<\/li>\n<li>Pilot pin IBC.70<\/li>\n<\/ul>\n","protected":false},"excerpt":{"rendered":"<p class=\"product_title entry-title\">EUROBOOR ANNULAR CUTTERS HCS 30mm &amp; IBC.70 KIT 10pcs<\/p>\n","protected":false},"featured_media":91390,"comment_status":"open","ping_status":"closed","template":"","meta":[],"pwb-brand":[572],"product_cat":[2988],"product_tag":[3325],"class_list":{"0":"post-102906","1":"product","2":"type-product","3":"status-publish","4":"has-post-thumbnail","6":"pwb-brand-euroboor-en","7":"product_cat-consumables-magnetic-drilling-machines","8":"product_tag-koptires-en","10":"first","11":"outofstock","12":"sale","13":"taxable","14":"shipping-taxable","15":"purchasable","16":"product-type-simple"},"composite_virtual":false,"composite_layout":"","composite_add_to_cart_form_location":"","composite_editable_in_cart":false,"composite_sold_individually_context":"","composite_shop_price_calc":"","composite_components":[],"composite_scenarios":[],"yoast_head":"<!-- This site is optimized with the Yoast SEO plugin v27.3 - https:\/\/yoast.com\/product\/yoast-seo-wordpress\/ -->\n<title>EUROBOOR ANNULAR CUTTERS HCS 30mm &amp; IBC.70 KIT 10pcs - ROUSSAKIS SUPPLIES<\/title>\n<meta name=\"description\" content=\"EUROBOOR ANNULAR CUTTERS HCS 30mm &amp; IBC.70 KIT 10pcs Our HCS.KIT\/10 contain High Speed Steel Annular Cutters which feature unique teeth\" \/>\n<meta name=\"robots\" content=\"index, follow, max-snippet:-1, max-image-preview:large, max-video-preview:-1\" \/>\n<link rel=\"canonical\" href=\"https:\/\/roussakis.com.gr\/en\/product\/euroboor-koptires-hcs-30mm-ibc-70-set-10tmch\/\" \/>\n<meta property=\"og:locale\" content=\"en_US\" \/>\n<meta property=\"og:type\" content=\"article\" \/>\n<meta property=\"og:title\" content=\"EUROBOOR ANNULAR CUTTERS HCS 30mm &amp; IBC.70 KIT 10pcs - ROUSSAKIS SUPPLIES\" \/>\n<meta property=\"og:description\" content=\"EUROBOOR ANNULAR CUTTERS HCS 30mm &amp; IBC.70 KIT 10pcs Our HCS.KIT\/10 contain High Speed Steel Annular Cutters which feature unique teeth\" \/>\n<meta property=\"og:url\" content=\"https:\/\/roussakis.com.gr\/en\/product\/euroboor-koptires-hcs-30mm-ibc-70-set-10tmch\/\" \/>\n<meta property=\"og:site_name\" content=\"ROUSSAKIS SUPPLIES\" \/>\n<meta property=\"article:publisher\" content=\"https:\/\/www.facebook.com\/weldingcuttingtools\/\" \/>\n<meta property=\"article:modified_time\" content=\"2024-09-30T11:57:16+00:00\" \/>\n<meta property=\"og:image\" content=\"https:\/\/great-visvesvaraya.185-138-42-76.plesk.page\/wp-content\/uploads\/HCS.KIT10.jpg\" \/>\n\t<meta property=\"og:image:width\" content=\"800\" \/>\n\t<meta property=\"og:image:height\" content=\"800\" \/>\n\t<meta property=\"og:image:type\" content=\"image\/jpeg\" \/>\n<meta name=\"twitter:card\" content=\"summary_large_image\" \/>\n<meta name=\"twitter:label1\" content=\"Est. reading time\" \/>\n\t<meta name=\"twitter:data1\" content=\"1 minute\" \/>\n<script type=\"application\/ld+json\" class=\"yoast-schema-graph\">{\"@context\":\"https:\\\/\\\/schema.org\",\"@graph\":[{\"@type\":\"WebPage\",\"@id\":\"https:\\\/\\\/roussakis.com.gr\\\/en\\\/product\\\/euroboor-koptires-hcs-30mm-ibc-70-set-10tmch\\\/\",\"url\":\"https:\\\/\\\/roussakis.com.gr\\\/en\\\/product\\\/euroboor-koptires-hcs-30mm-ibc-70-set-10tmch\\\/\",\"name\":\"EUROBOOR ANNULAR CUTTERS HCS 30mm & IBC.70 KIT 10pcs - ROUSSAKIS SUPPLIES\",\"isPartOf\":{\"@id\":\"https:\\\/\\\/great-visvesvaraya.185-138-42-76.plesk.page\\\/#website\"},\"primaryImageOfPage\":{\"@id\":\"https:\\\/\\\/roussakis.com.gr\\\/en\\\/product\\\/euroboor-koptires-hcs-30mm-ibc-70-set-10tmch\\\/#primaryimage\"},\"image\":{\"@id\":\"https:\\\/\\\/roussakis.com.gr\\\/en\\\/product\\\/euroboor-koptires-hcs-30mm-ibc-70-set-10tmch\\\/#primaryimage\"},\"thumbnailUrl\":\"https:\\\/\\\/roussakis.com.gr\\\/wp-content\\\/uploads\\\/HCS.KIT10.jpg\",\"datePublished\":\"2024-08-26T11:28:58+00:00\",\"dateModified\":\"2024-09-30T11:57:16+00:00\",\"description\":\"EUROBOOR ANNULAR CUTTERS HCS 30mm & IBC.70 KIT 10pcs Our HCS.KIT\\\/10 contain High Speed Steel Annular Cutters which feature unique teeth\",\"breadcrumb\":{\"@id\":\"https:\\\/\\\/roussakis.com.gr\\\/en\\\/product\\\/euroboor-koptires-hcs-30mm-ibc-70-set-10tmch\\\/#breadcrumb\"},\"inLanguage\":\"en-US\",\"potentialAction\":[{\"@type\":\"ReadAction\",\"target\":[\"https:\\\/\\\/roussakis.com.gr\\\/en\\\/product\\\/euroboor-koptires-hcs-30mm-ibc-70-set-10tmch\\\/\"]}]},{\"@type\":\"ImageObject\",\"inLanguage\":\"en-US\",\"@id\":\"https:\\\/\\\/roussakis.com.gr\\\/en\\\/product\\\/euroboor-koptires-hcs-30mm-ibc-70-set-10tmch\\\/#primaryimage\",\"url\":\"https:\\\/\\\/roussakis.com.gr\\\/wp-content\\\/uploads\\\/HCS.KIT10.jpg\",\"contentUrl\":\"https:\\\/\\\/roussakis.com.gr\\\/wp-content\\\/uploads\\\/HCS.KIT10.jpg\",\"width\":800,\"height\":800},{\"@type\":\"BreadcrumbList\",\"@id\":\"https:\\\/\\\/roussakis.com.gr\\\/en\\\/product\\\/euroboor-koptires-hcs-30mm-ibc-70-set-10tmch\\\/#breadcrumb\",\"itemListElement\":[{\"@type\":\"ListItem\",\"position\":1,\"name\":\"Home\",\"item\":\"https:\\\/\\\/roussakis.com.gr\\\/en\\\/\"},{\"@type\":\"ListItem\",\"position\":2,\"name\":\"Shop\",\"item\":\"https:\\\/\\\/great-visvesvaraya.185-138-42-76.plesk.page\\\/en\\\/shop\\\/\"},{\"@type\":\"ListItem\",\"position\":3,\"name\":\"EUROBOOR ANNULAR CUTTERS HCS 30mm &#038; IBC.70 KIT 10pcs\"}]},{\"@type\":\"WebSite\",\"@id\":\"https:\\\/\\\/great-visvesvaraya.185-138-42-76.plesk.page\\\/#website\",\"url\":\"https:\\\/\\\/great-visvesvaraya.185-138-42-76.plesk.page\\\/\",\"name\":\"ROUSSAKIS SUPPLIES\",\"description\":\"\u03a4\u03b1 \u03c0\u03ac\u03bd\u03c4\u03b1 \u03b3\u03b9\u03b1 \u03c4\u03b7\u03bd \u0392\u03b9\u03bf\u03bc\u03b7\u03c7\u03b1\u03bd\u03af\u03b1 &amp; \u03c4\u03b7\u03bd \u039d\u03b1\u03c5\u03c4\u03b9\u03bb\u03af\u03b1\",\"publisher\":{\"@id\":\"https:\\\/\\\/great-visvesvaraya.185-138-42-76.plesk.page\\\/#organization\"},\"potentialAction\":[{\"@type\":\"SearchAction\",\"target\":{\"@type\":\"EntryPoint\",\"urlTemplate\":\"https:\\\/\\\/great-visvesvaraya.185-138-42-76.plesk.page\\\/?s={search_term_string}\"},\"query-input\":{\"@type\":\"PropertyValueSpecification\",\"valueRequired\":true,\"valueName\":\"search_term_string\"}}],\"inLanguage\":\"en-US\"},{\"@type\":\"Organization\",\"@id\":\"https:\\\/\\\/great-visvesvaraya.185-138-42-76.plesk.page\\\/#organization\",\"name\":\"ROUSSAKIS SUPPLIES\",\"url\":\"https:\\\/\\\/great-visvesvaraya.185-138-42-76.plesk.page\\\/\",\"logo\":{\"@type\":\"ImageObject\",\"inLanguage\":\"en-US\",\"@id\":\"https:\\\/\\\/great-visvesvaraya.185-138-42-76.plesk.page\\\/#\\\/schema\\\/logo\\\/image\\\/\",\"url\":\"https:\\\/\\\/roussakis.com.gr\\\/wp-content\\\/uploads\\\/ROUSSAKIS-LOGO-e1739876264125.png\",\"contentUrl\":\"https:\\\/\\\/roussakis.com.gr\\\/wp-content\\\/uploads\\\/ROUSSAKIS-LOGO-e1739876264125.png\",\"width\":200,\"height\":42,\"caption\":\"ROUSSAKIS SUPPLIES\"},\"image\":{\"@id\":\"https:\\\/\\\/great-visvesvaraya.185-138-42-76.plesk.page\\\/#\\\/schema\\\/logo\\\/image\\\/\"},\"sameAs\":[\"https:\\\/\\\/www.facebook.com\\\/weldingcuttingtools\\\/\"]}]}<\/script>\n<!-- \/ Yoast SEO plugin. -->","yoast_head_json":{"title":"EUROBOOR ANNULAR CUTTERS HCS 30mm & IBC.70 KIT 10pcs - ROUSSAKIS SUPPLIES","description":"EUROBOOR ANNULAR CUTTERS HCS 30mm & IBC.70 KIT 10pcs Our HCS.KIT\/10 contain High Speed Steel Annular Cutters which feature unique teeth","robots":{"index":"index","follow":"follow","max-snippet":"max-snippet:-1","max-image-preview":"max-image-preview:large","max-video-preview":"max-video-preview:-1"},"canonical":"https:\/\/roussakis.com.gr\/en\/product\/euroboor-koptires-hcs-30mm-ibc-70-set-10tmch\/","og_locale":"en_US","og_type":"article","og_title":"EUROBOOR ANNULAR CUTTERS HCS 30mm & IBC.70 KIT 10pcs - ROUSSAKIS SUPPLIES","og_description":"EUROBOOR ANNULAR CUTTERS HCS 30mm & IBC.70 KIT 10pcs Our HCS.KIT\/10 contain High Speed Steel Annular Cutters which feature unique teeth","og_url":"https:\/\/roussakis.com.gr\/en\/product\/euroboor-koptires-hcs-30mm-ibc-70-set-10tmch\/","og_site_name":"ROUSSAKIS SUPPLIES","article_publisher":"https:\/\/www.facebook.com\/weldingcuttingtools\/","article_modified_time":"2024-09-30T11:57:16+00:00","og_image":[{"width":800,"height":800,"url":"https:\/\/great-visvesvaraya.185-138-42-76.plesk.page\/wp-content\/uploads\/HCS.KIT10.jpg","type":"image\/jpeg"}],"twitter_card":"summary_large_image","twitter_misc":{"Est. reading time":"1 minute"},"schema":{"@context":"https:\/\/schema.org","@graph":[{"@type":"WebPage","@id":"https:\/\/roussakis.com.gr\/en\/product\/euroboor-koptires-hcs-30mm-ibc-70-set-10tmch\/","url":"https:\/\/roussakis.com.gr\/en\/product\/euroboor-koptires-hcs-30mm-ibc-70-set-10tmch\/","name":"EUROBOOR ANNULAR CUTTERS HCS 30mm & IBC.70 KIT 10pcs - ROUSSAKIS SUPPLIES","isPartOf":{"@id":"https:\/\/great-visvesvaraya.185-138-42-76.plesk.page\/#website"},"primaryImageOfPage":{"@id":"https:\/\/roussakis.com.gr\/en\/product\/euroboor-koptires-hcs-30mm-ibc-70-set-10tmch\/#primaryimage"},"image":{"@id":"https:\/\/roussakis.com.gr\/en\/product\/euroboor-koptires-hcs-30mm-ibc-70-set-10tmch\/#primaryimage"},"thumbnailUrl":"https:\/\/roussakis.com.gr\/wp-content\/uploads\/HCS.KIT10.jpg","datePublished":"2024-08-26T11:28:58+00:00","dateModified":"2024-09-30T11:57:16+00:00","description":"EUROBOOR ANNULAR CUTTERS HCS 30mm & IBC.70 KIT 10pcs Our HCS.KIT\/10 contain High Speed Steel Annular Cutters which feature unique teeth","breadcrumb":{"@id":"https:\/\/roussakis.com.gr\/en\/product\/euroboor-koptires-hcs-30mm-ibc-70-set-10tmch\/#breadcrumb"},"inLanguage":"en-US","potentialAction":[{"@type":"ReadAction","target":["https:\/\/roussakis.com.gr\/en\/product\/euroboor-koptires-hcs-30mm-ibc-70-set-10tmch\/"]}]},{"@type":"ImageObject","inLanguage":"en-US","@id":"https:\/\/roussakis.com.gr\/en\/product\/euroboor-koptires-hcs-30mm-ibc-70-set-10tmch\/#primaryimage","url":"https:\/\/roussakis.com.gr\/wp-content\/uploads\/HCS.KIT10.jpg","contentUrl":"https:\/\/roussakis.com.gr\/wp-content\/uploads\/HCS.KIT10.jpg","width":800,"height":800},{"@type":"BreadcrumbList","@id":"https:\/\/roussakis.com.gr\/en\/product\/euroboor-koptires-hcs-30mm-ibc-70-set-10tmch\/#breadcrumb","itemListElement":[{"@type":"ListItem","position":1,"name":"Home","item":"https:\/\/roussakis.com.gr\/en\/"},{"@type":"ListItem","position":2,"name":"Shop","item":"https:\/\/great-visvesvaraya.185-138-42-76.plesk.page\/en\/shop\/"},{"@type":"ListItem","position":3,"name":"EUROBOOR ANNULAR CUTTERS HCS 30mm &#038; IBC.70 KIT 10pcs"}]},{"@type":"WebSite","@id":"https:\/\/great-visvesvaraya.185-138-42-76.plesk.page\/#website","url":"https:\/\/great-visvesvaraya.185-138-42-76.plesk.page\/","name":"ROUSSAKIS SUPPLIES","description":"\u03a4\u03b1 \u03c0\u03ac\u03bd\u03c4\u03b1 \u03b3\u03b9\u03b1 \u03c4\u03b7\u03bd \u0392\u03b9\u03bf\u03bc\u03b7\u03c7\u03b1\u03bd\u03af\u03b1 &amp; \u03c4\u03b7\u03bd \u039d\u03b1\u03c5\u03c4\u03b9\u03bb\u03af\u03b1","publisher":{"@id":"https:\/\/great-visvesvaraya.185-138-42-76.plesk.page\/#organization"},"potentialAction":[{"@type":"SearchAction","target":{"@type":"EntryPoint","urlTemplate":"https:\/\/great-visvesvaraya.185-138-42-76.plesk.page\/?s={search_term_string}"},"query-input":{"@type":"PropertyValueSpecification","valueRequired":true,"valueName":"search_term_string"}}],"inLanguage":"en-US"},{"@type":"Organization","@id":"https:\/\/great-visvesvaraya.185-138-42-76.plesk.page\/#organization","name":"ROUSSAKIS SUPPLIES","url":"https:\/\/great-visvesvaraya.185-138-42-76.plesk.page\/","logo":{"@type":"ImageObject","inLanguage":"en-US","@id":"https:\/\/great-visvesvaraya.185-138-42-76.plesk.page\/#\/schema\/logo\/image\/","url":"https:\/\/roussakis.com.gr\/wp-content\/uploads\/ROUSSAKIS-LOGO-e1739876264125.png","contentUrl":"https:\/\/roussakis.com.gr\/wp-content\/uploads\/ROUSSAKIS-LOGO-e1739876264125.png","width":200,"height":42,"caption":"ROUSSAKIS SUPPLIES"},"image":{"@id":"https:\/\/great-visvesvaraya.185-138-42-76.plesk.page\/#\/schema\/logo\/image\/"},"sameAs":["https:\/\/www.facebook.com\/weldingcuttingtools\/"]}]}},"brands":[{"id":572,"name":"EUROBOOR","slug":"euroboor-en"}],"_links":{"self":[{"href":"https:\/\/roussakis.com.gr\/en\/wp-json\/wp\/v2\/product\/102906","targetHints":{"allow":["GET"]}}],"collection":[{"href":"https:\/\/roussakis.com.gr\/en\/wp-json\/wp\/v2\/product"}],"about":[{"href":"https:\/\/roussakis.com.gr\/en\/wp-json\/wp\/v2\/types\/product"}],"replies":[{"embeddable":true,"href":"https:\/\/roussakis.com.gr\/en\/wp-json\/wp\/v2\/comments?post=102906"}],"wp:featuredmedia":[{"embeddable":true,"href":"https:\/\/roussakis.com.gr\/en\/wp-json\/wp\/v2\/media\/91390"}],"wp:attachment":[{"href":"https:\/\/roussakis.com.gr\/en\/wp-json\/wp\/v2\/media?parent=102906"}],"wp:term":[{"taxonomy":"pwb-brand","embeddable":true,"href":"https:\/\/roussakis.com.gr\/en\/wp-json\/wp\/v2\/pwb-brand?post=102906"},{"taxonomy":"product_cat","embeddable":true,"href":"https:\/\/roussakis.com.gr\/en\/wp-json\/wp\/v2\/product_cat?post=102906"},{"taxonomy":"product_tag","embeddable":true,"href":"https:\/\/roussakis.com.gr\/en\/wp-json\/wp\/v2\/product_tag?post=102906"}],"curies":[{"name":"wp","href":"https:\/\/api.w.org\/{rel}","templated":true}]}}